{"id":75,"date":"2024-07-01T08:42:11","date_gmt":"2024-07-01T08:42:11","guid":{"rendered":"https:\/\/ibis-gaziantep.accorv2prod.decms.eu\/?page_id=75"},"modified":"2024-07-02T13:10:39","modified_gmt":"2024-07-02T13:10:39","slug":"lokasyon","status":"publish","type":"page","link":"https:\/\/www.ibisgaziantep.com\/tr\/lokasyon\/","title":{"rendered":"Lokasyon"},"content":{"rendered":"<p style=\"text-align: center;\"><strong>ibis Gaziantep<\/strong>, \u015fehrin kalbinde, \u00f6nemli tarihi ve k\u00fclt\u00fcrel mekanlara yak\u0131n bir konumda yer al\u0131r. <strong>Zeugma Mozaik M\u00fczesi<\/strong>, <strong>Gaziantep Kalesi<\/strong> ve canl\u0131 yerel pazarlar gibi cazibe merkezlerine sadece birka\u00e7 dakika uzakl\u0131ktay\u0131z. \u015eehir merkezindeki bu stratejik konum, misafirlerimize Gaziantep&#8217;in zengin k\u00fclt\u00fcrel miras\u0131n\u0131 ke\u015ffetme f\u0131rsat\u0131 sunar.<\/p>\n<p style=\"text-align: center;\">Ayr\u0131ca, i\u015f seyahatinde olan misafirlerimiz i\u00e7in i\u015f merkezlerine ve ula\u015f\u0131m noktalar\u0131na kolay eri\u015fim sa\u011flar. \u0130bis Gaziantep, konforlu bir konaklama i\u00e7in m\u00fckemmel bir ba\u015flang\u0131\u00e7 noktas\u0131d\u0131r.<\/p>\n","protected":false},"excerpt":{"rendered":"<p>ibis Gaziantep, \u015fehrin kalbinde, \u00f6nemli tarihi ve k\u00fclt\u00fcrel mekanlara yak\u0131n bir konumda yer al\u0131r. Zeugma Mozaik M\u00fczesi, Gaziantep Kalesi ve canl\u0131 yerel pazarlar gibi cazibe merkezlerine sadece birka\u00e7 dakika uzakl\u0131ktay\u0131z. \u015eehir merkezindeki bu stratejik konum, misafirlerimize Gaziantep&#8217;in zengin k\u00fclt\u00fcrel miras\u0131n\u0131 ke\u015ffetme f\u0131rsat\u0131 sunar. Ayr\u0131ca, i\u015f seyahatinde olan misafirlerimiz i\u00e7in i\u015f merkezlerine ve ula\u015f\u0131m noktalar\u0131na kolay [&hellip;]<\/p>\n","protected":false},"author":3,"featured_media":0,"parent":0,"menu_order":20,"comment_status":"closed","ping_status":"closed","template":"template-location.php","meta":{"footnotes":""},"categories":[],"class_list":["post-75","page","type-page","status-publish","hentry"],"acf":[],"yoast_head":"<!-- This site is optimized with the Yoast SEO plugin v26.9 - https:\/\/yoast.com\/product\/yoast-seo-wordpress\/ -->\n<title>Lokasyon - Ibis Gaziantep<\/title>\n<meta name=\"description\" content=\"ibis Gaziantep, \u015fehrin kalbinde, Zeugma Mozaik M\u00fczesi ve Gaziantep Kalesi gibi tarihi ve k\u00fclt\u00fcrel mekanlara yak\u0131n konumda yer al\u0131r. Canl\u0131 pazarlar ve i\u015f merkezlerine kolay eri\u015fim sa\u011flayan stratejik konumumuz ile konforlu bir konaklama sunuyoruz.\" \/>\n<meta name=\"robots\" content=\"index, follow, max-snippet:-1, max-image-preview:large, max-video-preview:-1\" \/>\n<link rel=\"canonical\" href=\"https:\/\/www.ibisgaziantep.com\/tr\/lokasyon\/\" \/>\n<meta property=\"og:locale\" content=\"tr_TR\" \/>\n<meta property=\"og:type\" content=\"article\" \/>\n<meta property=\"og:title\" content=\"Lokasyon - Ibis Gaziantep\" \/>\n<meta property=\"og:description\" content=\"ibis Gaziantep, \u015fehrin kalbinde, Zeugma Mozaik M\u00fczesi ve Gaziantep Kalesi gibi tarihi ve k\u00fclt\u00fcrel mekanlara yak\u0131n konumda yer al\u0131r. Canl\u0131 pazarlar ve i\u015f merkezlerine kolay eri\u015fim sa\u011flayan stratejik konumumuz ile konforlu bir konaklama sunuyoruz.\" \/>\n<meta property=\"og:url\" content=\"https:\/\/www.ibisgaziantep.com\/tr\/lokasyon\/\" \/>\n<meta property=\"og:site_name\" content=\"Ibis Gaziantep\" \/>\n<meta property=\"article:modified_time\" content=\"2024-07-02T13:10:39+00:00\" \/>\n<meta property=\"og:image\" content=\"https:\/\/www.ibisgaziantep.com\/wp-content\/uploads\/sites\/116\/2024\/06\/ibis_gaziantep_home_slide02.jpg\" \/>\n\t<meta property=\"og:image:width\" content=\"2200\" \/>\n\t<meta property=\"og:image:height\" content=\"1145\" \/>\n\t<meta property=\"og:image:type\" content=\"image\/jpeg\" \/>\n<meta name=\"twitter:card\" content=\"summary_large_image\" \/>\n<meta name=\"twitter:label1\" content=\"Tahmini okuma s\u00fcresi\" \/>\n\t<meta name=\"twitter:data1\" content=\"1 dakika\" \/>\n<script type=\"application\/ld+json\" class=\"yoast-schema-graph\">{\"@context\":\"https:\/\/schema.org\",\"@graph\":[{\"@type\":\"WebPage\",\"@id\":\"https:\/\/www.ibisgaziantep.com\/tr\/lokasyon\/\",\"url\":\"https:\/\/www.ibisgaziantep.com\/tr\/lokasyon\/\",\"name\":\"Lokasyon - Ibis Gaziantep\",\"isPartOf\":{\"@id\":\"https:\/\/www.ibisgaziantep.com\/#website\"},\"datePublished\":\"2024-07-01T08:42:11+00:00\",\"dateModified\":\"2024-07-02T13:10:39+00:00\",\"description\":\"ibis Gaziantep, \u015fehrin kalbinde, Zeugma Mozaik M\u00fczesi ve Gaziantep Kalesi gibi tarihi ve k\u00fclt\u00fcrel mekanlara yak\u0131n konumda yer al\u0131r. Canl\u0131 pazarlar ve i\u015f merkezlerine kolay eri\u015fim sa\u011flayan stratejik konumumuz ile konforlu bir konaklama sunuyoruz.\",\"breadcrumb\":{\"@id\":\"https:\/\/www.ibisgaziantep.com\/tr\/lokasyon\/#breadcrumb\"},\"inLanguage\":\"tr\",\"potentialAction\":[{\"@type\":\"ReadAction\",\"target\":[\"https:\/\/www.ibisgaziantep.com\/tr\/lokasyon\/\"]}]},{\"@type\":\"BreadcrumbList\",\"@id\":\"https:\/\/www.ibisgaziantep.com\/tr\/lokasyon\/#breadcrumb\",\"itemListElement\":[{\"@type\":\"ListItem\",\"position\":1,\"name\":\"Home\",\"item\":\"https:\/\/www.ibisgaziantep.com\/tr\/\"},{\"@type\":\"ListItem\",\"position\":2,\"name\":\"Lokasyon\"}]},{\"@type\":\"WebSite\",\"@id\":\"https:\/\/www.ibisgaziantep.com\/#website\",\"url\":\"https:\/\/www.ibisgaziantep.com\/\",\"name\":\"Ibis Gaziantep\",\"description\":\"\",\"publisher\":{\"@id\":\"https:\/\/www.ibisgaziantep.com\/#organization\"},\"potentialAction\":[{\"@type\":\"SearchAction\",\"target\":{\"@type\":\"EntryPoint\",\"urlTemplate\":\"https:\/\/www.ibisgaziantep.com\/?s={search_term_string}\"},\"query-input\":{\"@type\":\"PropertyValueSpecification\",\"valueRequired\":true,\"valueName\":\"search_term_string\"}}],\"inLanguage\":\"tr\"},{\"@type\":\"Organization\",\"@id\":\"https:\/\/www.ibisgaziantep.com\/#organization\",\"name\":\"Ibis Gaziantep\",\"url\":\"https:\/\/www.ibisgaziantep.com\/\",\"logo\":{\"@type\":\"ImageObject\",\"inLanguage\":\"tr\",\"@id\":\"https:\/\/www.ibisgaziantep.com\/#\/schema\/logo\/image\/\",\"url\":\"https:\/\/www.ibisgaziantep.com\/wp-content\/uploads\/sites\/116\/2024\/06\/ibis_red_logo.png\",\"contentUrl\":\"https:\/\/www.ibisgaziantep.com\/wp-content\/uploads\/sites\/116\/2024\/06\/ibis_red_logo.png\",\"width\":500,\"height\":502,\"caption\":\"Ibis Gaziantep\"},\"image\":{\"@id\":\"https:\/\/www.ibisgaziantep.com\/#\/schema\/logo\/image\/\"},\"sameAs\":[\"https:\/\/www.instagram.com\/ibis_gaziantep\"]}]}<\/script>\n<!-- \/ Yoast SEO plugin. -->","yoast_head_json":{"title":"Lokasyon - Ibis Gaziantep","description":"ibis Gaziantep, \u015fehrin kalbinde, Zeugma Mozaik M\u00fczesi ve Gaziantep Kalesi gibi tarihi ve k\u00fclt\u00fcrel mekanlara yak\u0131n konumda yer al\u0131r. Canl\u0131 pazarlar ve i\u015f merkezlerine kolay eri\u015fim sa\u011flayan stratejik konumumuz ile konforlu bir konaklama sunuyoruz.","robots":{"index":"index","follow":"follow","max-snippet":"max-snippet:-1","max-image-preview":"max-image-preview:large","max-video-preview":"max-video-preview:-1"},"canonical":"https:\/\/www.ibisgaziantep.com\/tr\/lokasyon\/","og_locale":"tr_TR","og_type":"article","og_title":"Lokasyon - Ibis Gaziantep","og_description":"ibis Gaziantep, \u015fehrin kalbinde, Zeugma Mozaik M\u00fczesi ve Gaziantep Kalesi gibi tarihi ve k\u00fclt\u00fcrel mekanlara yak\u0131n konumda yer al\u0131r. Canl\u0131 pazarlar ve i\u015f merkezlerine kolay eri\u015fim sa\u011flayan stratejik konumumuz ile konforlu bir konaklama sunuyoruz.","og_url":"https:\/\/www.ibisgaziantep.com\/tr\/lokasyon\/","og_site_name":"Ibis Gaziantep","article_modified_time":"2024-07-02T13:10:39+00:00","og_image":[{"width":2200,"height":1145,"url":"https:\/\/www.ibisgaziantep.com\/wp-content\/uploads\/sites\/116\/2024\/06\/ibis_gaziantep_home_slide02.jpg","type":"image\/jpeg"}],"twitter_card":"summary_large_image","twitter_misc":{"Tahmini okuma s\u00fcresi":"1 dakika"},"schema":{"@context":"https:\/\/schema.org","@graph":[{"@type":"WebPage","@id":"https:\/\/www.ibisgaziantep.com\/tr\/lokasyon\/","url":"https:\/\/www.ibisgaziantep.com\/tr\/lokasyon\/","name":"Lokasyon - Ibis Gaziantep","isPartOf":{"@id":"https:\/\/www.ibisgaziantep.com\/#website"},"datePublished":"2024-07-01T08:42:11+00:00","dateModified":"2024-07-02T13:10:39+00:00","description":"ibis Gaziantep, \u015fehrin kalbinde, Zeugma Mozaik M\u00fczesi ve Gaziantep Kalesi gibi tarihi ve k\u00fclt\u00fcrel mekanlara yak\u0131n konumda yer al\u0131r. Canl\u0131 pazarlar ve i\u015f merkezlerine kolay eri\u015fim sa\u011flayan stratejik konumumuz ile konforlu bir konaklama sunuyoruz.","breadcrumb":{"@id":"https:\/\/www.ibisgaziantep.com\/tr\/lokasyon\/#breadcrumb"},"inLanguage":"tr","potentialAction":[{"@type":"ReadAction","target":["https:\/\/www.ibisgaziantep.com\/tr\/lokasyon\/"]}]},{"@type":"BreadcrumbList","@id":"https:\/\/www.ibisgaziantep.com\/tr\/lokasyon\/#breadcrumb","itemListElement":[{"@type":"ListItem","position":1,"name":"Home","item":"https:\/\/www.ibisgaziantep.com\/tr\/"},{"@type":"ListItem","position":2,"name":"Lokasyon"}]},{"@type":"WebSite","@id":"https:\/\/www.ibisgaziantep.com\/#website","url":"https:\/\/www.ibisgaziantep.com\/","name":"Ibis Gaziantep","description":"","publisher":{"@id":"https:\/\/www.ibisgaziantep.com\/#organization"},"potentialAction":[{"@type":"SearchAction","target":{"@type":"EntryPoint","urlTemplate":"https:\/\/www.ibisgaziantep.com\/?s={search_term_string}"},"query-input":{"@type":"PropertyValueSpecification","valueRequired":true,"valueName":"search_term_string"}}],"inLanguage":"tr"},{"@type":"Organization","@id":"https:\/\/www.ibisgaziantep.com\/#organization","name":"Ibis Gaziantep","url":"https:\/\/www.ibisgaziantep.com\/","logo":{"@type":"ImageObject","inLanguage":"tr","@id":"https:\/\/www.ibisgaziantep.com\/#\/schema\/logo\/image\/","url":"https:\/\/www.ibisgaziantep.com\/wp-content\/uploads\/sites\/116\/2024\/06\/ibis_red_logo.png","contentUrl":"https:\/\/www.ibisgaziantep.com\/wp-content\/uploads\/sites\/116\/2024\/06\/ibis_red_logo.png","width":500,"height":502,"caption":"Ibis Gaziantep"},"image":{"@id":"https:\/\/www.ibisgaziantep.com\/#\/schema\/logo\/image\/"},"sameAs":["https:\/\/www.instagram.com\/ibis_gaziantep"]}]}},"_links":{"self":[{"href":"https:\/\/www.ibisgaziantep.com\/tr\/wp-json\/wp\/v2\/pages\/75","targetHints":{"allow":["GET"]}}],"collection":[{"href":"https:\/\/www.ibisgaziantep.com\/tr\/wp-json\/wp\/v2\/pages"}],"about":[{"href":"https:\/\/www.ibisgaziantep.com\/tr\/wp-json\/wp\/v2\/types\/page"}],"author":[{"embeddable":true,"href":"https:\/\/www.ibisgaziantep.com\/tr\/wp-json\/wp\/v2\/users\/3"}],"replies":[{"embeddable":true,"href":"https:\/\/www.ibisgaziantep.com\/tr\/wp-json\/wp\/v2\/comments?post=75"}],"version-history":[{"count":0,"href":"https:\/\/www.ibisgaziantep.com\/tr\/wp-json\/wp\/v2\/pages\/75\/revisions"}],"wp:attachment":[{"href":"https:\/\/www.ibisgaziantep.com\/tr\/wp-json\/wp\/v2\/media?parent=75"}],"wp:term":[{"taxonomy":"category","embeddable":true,"href":"https:\/\/www.ibisgaziantep.com\/tr\/wp-json\/wp\/v2\/categories?post=75"}],"curies":[{"name":"wp","href":"https:\/\/api.w.org\/{rel}","templated":true}]}}