{"id":4,"date":"2024-06-27T15:21:56","date_gmt":"2024-06-27T15:21:56","guid":{"rendered":"https:\/\/ibis-gaziantep.accorv2prod.decms.eu\/?page_id=4"},"modified":"2024-07-02T13:11:35","modified_gmt":"2024-07-02T13:11:35","slug":"ibis-gaziantep","status":"publish","type":"page","link":"https:\/\/www.ibisgaziantep.com\/tr\/","title":{"rendered":"Ibis Gaziantep"},"content":{"rendered":"<p style=\"text-align: center;\"><strong>\u0130bis Gaziantep<\/strong>&#8216;e ho\u015f geldiniz! T\u00fcrkiye&#8217;nin en canl\u0131 \u015fehirlerinden birinin kalbinde, konfor ve rahatl\u0131kla bulu\u015fun.<\/p>\n<p style=\"text-align: center;\">Modern otelimiz, Gaziantep&#8217;in hareketli merkezinde stratejik bir konumda olup, \u015fehrin zengin tarihi mekanlar\u0131na, canl\u0131 pazarlar\u0131na ve \u00fcnl\u00fc mutfak lezzetlerine kolay eri\u015fim imkan\u0131 sunmaktad\u0131r. \u0130ster i\u015f ister tatil ama\u00e7l\u0131 ziyaret ediyor olun, iyi donat\u0131lm\u0131\u015f odalar\u0131m\u0131z, \u00fccretsiz Wi-Fi ve g\u00fcler y\u00fczl\u00fc personelimiz sayesinde keyifli ve verimli bir konaklama ya\u015fayacaks\u0131n\u0131z.<\/p>\n<p style=\"text-align: center;\">G\u00fcne otelimizin restoran\u0131nda lezzetli bir kahvalt\u0131 ile ba\u015flay\u0131n ve ke\u015fif dolu bir g\u00fcn\u00fcn ard\u0131ndan ihtiyac\u0131n\u0131z olan t\u00fcm olanaklarla donat\u0131lm\u0131\u015f konforlu odalar\u0131m\u0131zda dinlenin. Gaziantep, antik ve modern cazibe merkezlerinin benzersiz bir kar\u0131\u015f\u0131m\u0131yla \u00fcnl\u00fcd\u00fcr ve otelimiz, Zeugma Mozaik M\u00fczesi, Gaziantep Kalesi ve canl\u0131 yerel pazarlar gibi g\u00f6r\u00fclmesi gereken yerlere sadece birka\u00e7 dakika mesafededir.<\/p>\n<p style=\"text-align: center;\">Gaziantep&#8217;in cazibesini, k\u00fclt\u00fcr\u00fcn\u00fc ve misafirperverli\u011fini \u0130bis ile ke\u015ffedin; buras\u0131 sizin evinizden uzaktaki ideal eviniz. \u0130bis Gaziantep&#8217;te sorunsuz ba\u011flant\u0131n\u0131n, m\u00fckemmel hizmetin ve s\u0131cak bir kar\u015f\u0131laman\u0131n keyfini \u00e7\u0131kar\u0131n.<\/p>\n","protected":false},"excerpt":{"rendered":"<p>\u0130bis Gaziantep&#8216;e ho\u015f geldiniz! T\u00fcrkiye&#8217;nin en canl\u0131 \u015fehirlerinden birinin kalbinde, konfor ve rahatl\u0131kla bulu\u015fun. Modern otelimiz, Gaziantep&#8217;in hareketli merkezinde stratejik bir konumda olup, \u015fehrin zengin tarihi mekanlar\u0131na, canl\u0131 pazarlar\u0131na ve \u00fcnl\u00fc mutfak lezzetlerine kolay eri\u015fim imkan\u0131 sunmaktad\u0131r. \u0130ster i\u015f ister tatil ama\u00e7l\u0131 ziyaret ediyor olun, iyi donat\u0131lm\u0131\u015f odalar\u0131m\u0131z, \u00fccretsiz Wi-Fi ve g\u00fcler y\u00fczl\u00fc personelimiz sayesinde [&hellip;]<\/p>\n","protected":false},"author":3,"featured_media":0,"parent":0,"menu_order":0,"comment_status":"closed","ping_status":"closed","template":"","meta":{"footnotes":""},"categories":[],"class_list":["post-4","page","type-page","status-publish","hentry"],"acf":[],"yoast_head":"<!-- This site is optimized with the Yoast SEO plugin v26.9 - https:\/\/yoast.com\/product\/yoast-seo-wordpress\/ -->\n<title>ibis Gaziantep: \u015eehir Merkezinde Modern ve Konforlu Otel<\/title>\n<meta name=\"description\" content=\"ibis Gaziantep, \u015fehir merkezinde modern ve konforlu konaklama sunar. Tarihi ve k\u00fclt\u00fcrel zenginliklere yak\u0131n, \u00fccretsiz Wi-Fi ve rahat odalarla misafirlerimizi a\u011f\u0131rl\u0131yoruz. Gaziantep&#039;in cazibesini ibis fark\u0131yla ke\u015ffedin\" \/>\n<meta name=\"robots\" content=\"index, follow, max-snippet:-1, max-image-preview:large, max-video-preview:-1\" \/>\n<link rel=\"canonical\" href=\"https:\/\/www.ibisgaziantep.com\/tr\/\" \/>\n<meta property=\"og:locale\" content=\"tr_TR\" \/>\n<meta property=\"og:type\" content=\"article\" \/>\n<meta property=\"og:title\" content=\"ibis Gaziantep: \u015eehir Merkezinde Modern ve Konforlu Otel\" \/>\n<meta property=\"og:description\" content=\"ibis Gaziantep, \u015fehir merkezinde modern ve konforlu konaklama sunar. Tarihi ve k\u00fclt\u00fcrel zenginliklere yak\u0131n, \u00fccretsiz Wi-Fi ve rahat odalarla misafirlerimizi a\u011f\u0131rl\u0131yoruz. Gaziantep&#039;in cazibesini ibis fark\u0131yla ke\u015ffedin\" \/>\n<meta property=\"og:url\" content=\"https:\/\/www.ibisgaziantep.com\/tr\/\" \/>\n<meta property=\"og:site_name\" content=\"Ibis Gaziantep\" \/>\n<meta property=\"article:modified_time\" content=\"2024-07-02T13:11:35+00:00\" \/>\n<meta property=\"og:image\" content=\"https:\/\/www.ibisgaziantep.com\/wp-content\/uploads\/sites\/116\/2024\/06\/ibis_gaziantep_home_slide02.jpg\" \/>\n\t<meta property=\"og:image:width\" content=\"2200\" \/>\n\t<meta property=\"og:image:height\" content=\"1145\" \/>\n\t<meta property=\"og:image:type\" content=\"image\/jpeg\" \/>\n<meta name=\"twitter:card\" content=\"summary_large_image\" \/>\n<meta name=\"twitter:label1\" content=\"Tahmini okuma s\u00fcresi\" \/>\n\t<meta name=\"twitter:data1\" content=\"1 dakika\" \/>\n<script type=\"application\/ld+json\" class=\"yoast-schema-graph\">{\"@context\":\"https:\/\/schema.org\",\"@graph\":[{\"@type\":\"WebPage\",\"@id\":\"https:\/\/www.ibisgaziantep.com\/tr\/\",\"url\":\"https:\/\/www.ibisgaziantep.com\/tr\/\",\"name\":\"ibis Gaziantep: \u015eehir Merkezinde Modern ve Konforlu Otel\",\"isPartOf\":{\"@id\":\"https:\/\/www.ibisgaziantep.com\/#website\"},\"datePublished\":\"2024-06-27T15:21:56+00:00\",\"dateModified\":\"2024-07-02T13:11:35+00:00\",\"description\":\"ibis Gaziantep, \u015fehir merkezinde modern ve konforlu konaklama sunar. Tarihi ve k\u00fclt\u00fcrel zenginliklere yak\u0131n, \u00fccretsiz Wi-Fi ve rahat odalarla misafirlerimizi a\u011f\u0131rl\u0131yoruz. Gaziantep'in cazibesini ibis fark\u0131yla ke\u015ffedin\",\"breadcrumb\":{\"@id\":\"https:\/\/www.ibisgaziantep.com\/tr\/#breadcrumb\"},\"inLanguage\":\"tr\",\"potentialAction\":[{\"@type\":\"ReadAction\",\"target\":[\"https:\/\/www.ibisgaziantep.com\/tr\/\"]}]},{\"@type\":\"BreadcrumbList\",\"@id\":\"https:\/\/www.ibisgaziantep.com\/tr\/#breadcrumb\",\"itemListElement\":[{\"@type\":\"ListItem\",\"position\":1,\"name\":\"Home\",\"item\":\"https:\/\/www.ibisgaziantep.com\/tr\/\"},{\"@type\":\"ListItem\",\"position\":2,\"name\":\"Ibis Gaziantep\"}]},{\"@type\":\"WebSite\",\"@id\":\"https:\/\/www.ibisgaziantep.com\/#website\",\"url\":\"https:\/\/www.ibisgaziantep.com\/\",\"name\":\"Ibis Gaziantep\",\"description\":\"\",\"publisher\":{\"@id\":\"https:\/\/www.ibisgaziantep.com\/#organization\"},\"potentialAction\":[{\"@type\":\"SearchAction\",\"target\":{\"@type\":\"EntryPoint\",\"urlTemplate\":\"https:\/\/www.ibisgaziantep.com\/?s={search_term_string}\"},\"query-input\":{\"@type\":\"PropertyValueSpecification\",\"valueRequired\":true,\"valueName\":\"search_term_string\"}}],\"inLanguage\":\"tr\"},{\"@type\":\"Organization\",\"@id\":\"https:\/\/www.ibisgaziantep.com\/#organization\",\"name\":\"Ibis Gaziantep\",\"url\":\"https:\/\/www.ibisgaziantep.com\/\",\"logo\":{\"@type\":\"ImageObject\",\"inLanguage\":\"tr\",\"@id\":\"https:\/\/www.ibisgaziantep.com\/#\/schema\/logo\/image\/\",\"url\":\"https:\/\/www.ibisgaziantep.com\/wp-content\/uploads\/sites\/116\/2024\/06\/ibis_red_logo.png\",\"contentUrl\":\"https:\/\/www.ibisgaziantep.com\/wp-content\/uploads\/sites\/116\/2024\/06\/ibis_red_logo.png\",\"width\":500,\"height\":502,\"caption\":\"Ibis Gaziantep\"},\"image\":{\"@id\":\"https:\/\/www.ibisgaziantep.com\/#\/schema\/logo\/image\/\"},\"sameAs\":[\"https:\/\/www.instagram.com\/ibis_gaziantep\"]}]}<\/script>\n<!-- \/ Yoast SEO plugin. -->","yoast_head_json":{"title":"ibis Gaziantep: \u015eehir Merkezinde Modern ve Konforlu Otel","description":"ibis Gaziantep, \u015fehir merkezinde modern ve konforlu konaklama sunar. Tarihi ve k\u00fclt\u00fcrel zenginliklere yak\u0131n, \u00fccretsiz Wi-Fi ve rahat odalarla misafirlerimizi a\u011f\u0131rl\u0131yoruz. Gaziantep'in cazibesini ibis fark\u0131yla ke\u015ffedin","robots":{"index":"index","follow":"follow","max-snippet":"max-snippet:-1","max-image-preview":"max-image-preview:large","max-video-preview":"max-video-preview:-1"},"canonical":"https:\/\/www.ibisgaziantep.com\/tr\/","og_locale":"tr_TR","og_type":"article","og_title":"ibis Gaziantep: \u015eehir Merkezinde Modern ve Konforlu Otel","og_description":"ibis Gaziantep, \u015fehir merkezinde modern ve konforlu konaklama sunar. Tarihi ve k\u00fclt\u00fcrel zenginliklere yak\u0131n, \u00fccretsiz Wi-Fi ve rahat odalarla misafirlerimizi a\u011f\u0131rl\u0131yoruz. Gaziantep'in cazibesini ibis fark\u0131yla ke\u015ffedin","og_url":"https:\/\/www.ibisgaziantep.com\/tr\/","og_site_name":"Ibis Gaziantep","article_modified_time":"2024-07-02T13:11:35+00:00","og_image":[{"width":2200,"height":1145,"url":"https:\/\/www.ibisgaziantep.com\/wp-content\/uploads\/sites\/116\/2024\/06\/ibis_gaziantep_home_slide02.jpg","type":"image\/jpeg"}],"twitter_card":"summary_large_image","twitter_misc":{"Tahmini okuma s\u00fcresi":"1 dakika"},"schema":{"@context":"https:\/\/schema.org","@graph":[{"@type":"WebPage","@id":"https:\/\/www.ibisgaziantep.com\/tr\/","url":"https:\/\/www.ibisgaziantep.com\/tr\/","name":"ibis Gaziantep: \u015eehir Merkezinde Modern ve Konforlu Otel","isPartOf":{"@id":"https:\/\/www.ibisgaziantep.com\/#website"},"datePublished":"2024-06-27T15:21:56+00:00","dateModified":"2024-07-02T13:11:35+00:00","description":"ibis Gaziantep, \u015fehir merkezinde modern ve konforlu konaklama sunar. Tarihi ve k\u00fclt\u00fcrel zenginliklere yak\u0131n, \u00fccretsiz Wi-Fi ve rahat odalarla misafirlerimizi a\u011f\u0131rl\u0131yoruz. Gaziantep'in cazibesini ibis fark\u0131yla ke\u015ffedin","breadcrumb":{"@id":"https:\/\/www.ibisgaziantep.com\/tr\/#breadcrumb"},"inLanguage":"tr","potentialAction":[{"@type":"ReadAction","target":["https:\/\/www.ibisgaziantep.com\/tr\/"]}]},{"@type":"BreadcrumbList","@id":"https:\/\/www.ibisgaziantep.com\/tr\/#breadcrumb","itemListElement":[{"@type":"ListItem","position":1,"name":"Home","item":"https:\/\/www.ibisgaziantep.com\/tr\/"},{"@type":"ListItem","position":2,"name":"Ibis Gaziantep"}]},{"@type":"WebSite","@id":"https:\/\/www.ibisgaziantep.com\/#website","url":"https:\/\/www.ibisgaziantep.com\/","name":"Ibis Gaziantep","description":"","publisher":{"@id":"https:\/\/www.ibisgaziantep.com\/#organization"},"potentialAction":[{"@type":"SearchAction","target":{"@type":"EntryPoint","urlTemplate":"https:\/\/www.ibisgaziantep.com\/?s={search_term_string}"},"query-input":{"@type":"PropertyValueSpecification","valueRequired":true,"valueName":"search_term_string"}}],"inLanguage":"tr"},{"@type":"Organization","@id":"https:\/\/www.ibisgaziantep.com\/#organization","name":"Ibis Gaziantep","url":"https:\/\/www.ibisgaziantep.com\/","logo":{"@type":"ImageObject","inLanguage":"tr","@id":"https:\/\/www.ibisgaziantep.com\/#\/schema\/logo\/image\/","url":"https:\/\/www.ibisgaziantep.com\/wp-content\/uploads\/sites\/116\/2024\/06\/ibis_red_logo.png","contentUrl":"https:\/\/www.ibisgaziantep.com\/wp-content\/uploads\/sites\/116\/2024\/06\/ibis_red_logo.png","width":500,"height":502,"caption":"Ibis Gaziantep"},"image":{"@id":"https:\/\/www.ibisgaziantep.com\/#\/schema\/logo\/image\/"},"sameAs":["https:\/\/www.instagram.com\/ibis_gaziantep"]}]}},"_links":{"self":[{"href":"https:\/\/www.ibisgaziantep.com\/tr\/wp-json\/wp\/v2\/pages\/4","targetHints":{"allow":["GET"]}}],"collection":[{"href":"https:\/\/www.ibisgaziantep.com\/tr\/wp-json\/wp\/v2\/pages"}],"about":[{"href":"https:\/\/www.ibisgaziantep.com\/tr\/wp-json\/wp\/v2\/types\/page"}],"author":[{"embeddable":true,"href":"https:\/\/www.ibisgaziantep.com\/tr\/wp-json\/wp\/v2\/users\/3"}],"replies":[{"embeddable":true,"href":"https:\/\/www.ibisgaziantep.com\/tr\/wp-json\/wp\/v2\/comments?post=4"}],"version-history":[{"count":0,"href":"https:\/\/www.ibisgaziantep.com\/tr\/wp-json\/wp\/v2\/pages\/4\/revisions"}],"wp:attachment":[{"href":"https:\/\/www.ibisgaziantep.com\/tr\/wp-json\/wp\/v2\/media?parent=4"}],"wp:term":[{"taxonomy":"category","embeddable":true,"href":"https:\/\/www.ibisgaziantep.com\/tr\/wp-json\/wp\/v2\/categories?post=4"}],"curies":[{"name":"wp","href":"https:\/\/api.w.org\/{rel}","templated":true}]}}