{"id":34,"date":"2024-06-28T14:18:41","date_gmt":"2024-06-28T14:18:41","guid":{"rendered":"https:\/\/ibis-gaziantep.accorv2prod.decms.eu\/?page_id=34"},"modified":"2024-07-01T07:59:48","modified_gmt":"2024-07-01T07:59:48","slug":"standart-cift-kisilik-yatakli-oda","status":"publish","type":"page","link":"https:\/\/www.ibisgaziantep.com\/tr\/odalarimiz\/standart-cift-kisilik-yatakli-oda\/","title":{"rendered":"Standart, \u00c7ift Ki\u015filik Yatakl\u0131 Oda"},"content":{"rendered":"<p style=\"text-align: center;\">Yeni Sweet Bed by ibis yatak tak\u0131m\u0131yla donat\u0131lm\u0131\u015f yeni ibis odas\u0131 en \u00fcst d\u00fczeyde konfor sunuyor: b\u00fcy\u00fck \u00e7ift ki\u015filik yatak, \u00e7al\u0131\u015fma masas\u0131, internet, parke zemin, en iyi kanallar\u0131 i\u00e7eren LCD d\u00fcz ekran TV ve du\u015flu banyo.<\/p>\n","protected":false},"excerpt":{"rendered":"<p>Yeni Sweet Bed by ibis yatak tak\u0131m\u0131yla donat\u0131lm\u0131\u015f yeni ibis odas\u0131 en \u00fcst d\u00fczeyde konfor sunuyor: b\u00fcy\u00fck \u00e7ift ki\u015filik yatak, \u00e7al\u0131\u015fma masas\u0131, internet, parke zemin, en iyi kanallar\u0131 i\u00e7eren LCD d\u00fcz ekran TV ve du\u015flu banyo.<\/p>\n","protected":false},"author":3,"featured_media":0,"parent":25,"menu_order":5,"comment_status":"closed","ping_status":"closed","template":"template-room.php","meta":{"footnotes":""},"categories":[],"class_list":["post-34","page","type-page","status-publish","hentry"],"acf":[],"yoast_head":"<!-- This site is optimized with the Yoast SEO plugin v26.9 - https:\/\/yoast.com\/product\/yoast-seo-wordpress\/ -->\n<title>Standart, \u00c7ift Ki\u015filik Yatakl\u0131 Oda - Ibis Gaziantep<\/title>\n<meta name=\"description\" content=\"Ibis Gaziantep Hotel in konforlu odalar\u0131nda en iyi fiyat garantisi ile konaklay\u0131n.\" \/>\n<meta name=\"robots\" content=\"index, follow, max-snippet:-1, max-image-preview:large, max-video-preview:-1\" \/>\n<link rel=\"canonical\" href=\"https:\/\/www.ibisgaziantep.com\/tr\/odalarimiz\/standart-cift-kisilik-yatakli-oda\/\" \/>\n<meta property=\"og:locale\" content=\"tr_TR\" \/>\n<meta property=\"og:type\" content=\"article\" \/>\n<meta property=\"og:title\" content=\"Standart, \u00c7ift Ki\u015filik Yatakl\u0131 Oda - Ibis Gaziantep\" \/>\n<meta property=\"og:description\" content=\"Ibis Gaziantep Hotel in konforlu odalar\u0131nda en iyi fiyat garantisi ile konaklay\u0131n.\" \/>\n<meta property=\"og:url\" content=\"https:\/\/www.ibisgaziantep.com\/tr\/odalarimiz\/standart-cift-kisilik-yatakli-oda\/\" \/>\n<meta property=\"og:site_name\" content=\"Ibis Gaziantep\" \/>\n<meta property=\"article:modified_time\" content=\"2024-07-01T07:59:48+00:00\" \/>\n<meta property=\"og:image\" content=\"https:\/\/www.ibisgaziantep.com\/wp-content\/uploads\/sites\/116\/2024\/06\/ibis_gaziantep_home_slide02.jpg\" \/>\n\t<meta property=\"og:image:width\" content=\"2200\" \/>\n\t<meta property=\"og:image:height\" content=\"1145\" \/>\n\t<meta property=\"og:image:type\" content=\"image\/jpeg\" \/>\n<meta name=\"twitter:card\" content=\"summary_large_image\" \/>\n<meta name=\"twitter:label1\" content=\"Tahmini okuma s\u00fcresi\" \/>\n\t<meta name=\"twitter:data1\" content=\"1 dakika\" \/>\n<script type=\"application\/ld+json\" class=\"yoast-schema-graph\">{\"@context\":\"https:\/\/schema.org\",\"@graph\":[{\"@type\":\"WebPage\",\"@id\":\"https:\/\/www.ibisgaziantep.com\/tr\/odalarimiz\/standart-cift-kisilik-yatakli-oda\/\",\"url\":\"https:\/\/www.ibisgaziantep.com\/tr\/odalarimiz\/standart-cift-kisilik-yatakli-oda\/\",\"name\":\"Standart, \u00c7ift Ki\u015filik Yatakl\u0131 Oda - Ibis Gaziantep\",\"isPartOf\":{\"@id\":\"https:\/\/www.ibisgaziantep.com\/#website\"},\"datePublished\":\"2024-06-28T14:18:41+00:00\",\"dateModified\":\"2024-07-01T07:59:48+00:00\",\"description\":\"Ibis Gaziantep Hotel in konforlu odalar\u0131nda en iyi fiyat garantisi ile konaklay\u0131n.\",\"breadcrumb\":{\"@id\":\"https:\/\/www.ibisgaziantep.com\/tr\/odalarimiz\/standart-cift-kisilik-yatakli-oda\/#breadcrumb\"},\"inLanguage\":\"tr\",\"potentialAction\":[{\"@type\":\"ReadAction\",\"target\":[\"https:\/\/www.ibisgaziantep.com\/tr\/odalarimiz\/standart-cift-kisilik-yatakli-oda\/\"]}]},{\"@type\":\"BreadcrumbList\",\"@id\":\"https:\/\/www.ibisgaziantep.com\/tr\/odalarimiz\/standart-cift-kisilik-yatakli-oda\/#breadcrumb\",\"itemListElement\":[{\"@type\":\"ListItem\",\"position\":1,\"name\":\"Home\",\"item\":\"https:\/\/www.ibisgaziantep.com\/tr\/\"},{\"@type\":\"ListItem\",\"position\":2,\"name\":\"Odalar\u0131m\u0131z\",\"item\":\"https:\/\/www.ibisgaziantep.com\/tr\/our-rooms\/\"},{\"@type\":\"ListItem\",\"position\":3,\"name\":\"Standart, \u00c7ift Ki\u015filik Yatakl\u0131 Oda\"}]},{\"@type\":\"WebSite\",\"@id\":\"https:\/\/www.ibisgaziantep.com\/#website\",\"url\":\"https:\/\/www.ibisgaziantep.com\/\",\"name\":\"Ibis Gaziantep\",\"description\":\"\",\"publisher\":{\"@id\":\"https:\/\/www.ibisgaziantep.com\/#organization\"},\"potentialAction\":[{\"@type\":\"SearchAction\",\"target\":{\"@type\":\"EntryPoint\",\"urlTemplate\":\"https:\/\/www.ibisgaziantep.com\/?s={search_term_string}\"},\"query-input\":{\"@type\":\"PropertyValueSpecification\",\"valueRequired\":true,\"valueName\":\"search_term_string\"}}],\"inLanguage\":\"tr\"},{\"@type\":\"Organization\",\"@id\":\"https:\/\/www.ibisgaziantep.com\/#organization\",\"name\":\"Ibis Gaziantep\",\"url\":\"https:\/\/www.ibisgaziantep.com\/\",\"logo\":{\"@type\":\"ImageObject\",\"inLanguage\":\"tr\",\"@id\":\"https:\/\/www.ibisgaziantep.com\/#\/schema\/logo\/image\/\",\"url\":\"https:\/\/www.ibisgaziantep.com\/wp-content\/uploads\/sites\/116\/2024\/06\/ibis_red_logo.png\",\"contentUrl\":\"https:\/\/www.ibisgaziantep.com\/wp-content\/uploads\/sites\/116\/2024\/06\/ibis_red_logo.png\",\"width\":500,\"height\":502,\"caption\":\"Ibis Gaziantep\"},\"image\":{\"@id\":\"https:\/\/www.ibisgaziantep.com\/#\/schema\/logo\/image\/\"},\"sameAs\":[\"https:\/\/www.instagram.com\/ibis_gaziantep\"]}]}<\/script>\n<!-- \/ Yoast SEO plugin. -->","yoast_head_json":{"title":"Standart, \u00c7ift Ki\u015filik Yatakl\u0131 Oda - Ibis Gaziantep","description":"Ibis Gaziantep Hotel in konforlu odalar\u0131nda en iyi fiyat garantisi ile konaklay\u0131n.","robots":{"index":"index","follow":"follow","max-snippet":"max-snippet:-1","max-image-preview":"max-image-preview:large","max-video-preview":"max-video-preview:-1"},"canonical":"https:\/\/www.ibisgaziantep.com\/tr\/odalarimiz\/standart-cift-kisilik-yatakli-oda\/","og_locale":"tr_TR","og_type":"article","og_title":"Standart, \u00c7ift Ki\u015filik Yatakl\u0131 Oda - Ibis Gaziantep","og_description":"Ibis Gaziantep Hotel in konforlu odalar\u0131nda en iyi fiyat garantisi ile konaklay\u0131n.","og_url":"https:\/\/www.ibisgaziantep.com\/tr\/odalarimiz\/standart-cift-kisilik-yatakli-oda\/","og_site_name":"Ibis Gaziantep","article_modified_time":"2024-07-01T07:59:48+00:00","og_image":[{"width":2200,"height":1145,"url":"https:\/\/www.ibisgaziantep.com\/wp-content\/uploads\/sites\/116\/2024\/06\/ibis_gaziantep_home_slide02.jpg","type":"image\/jpeg"}],"twitter_card":"summary_large_image","twitter_misc":{"Tahmini okuma s\u00fcresi":"1 dakika"},"schema":{"@context":"https:\/\/schema.org","@graph":[{"@type":"WebPage","@id":"https:\/\/www.ibisgaziantep.com\/tr\/odalarimiz\/standart-cift-kisilik-yatakli-oda\/","url":"https:\/\/www.ibisgaziantep.com\/tr\/odalarimiz\/standart-cift-kisilik-yatakli-oda\/","name":"Standart, \u00c7ift Ki\u015filik Yatakl\u0131 Oda - Ibis Gaziantep","isPartOf":{"@id":"https:\/\/www.ibisgaziantep.com\/#website"},"datePublished":"2024-06-28T14:18:41+00:00","dateModified":"2024-07-01T07:59:48+00:00","description":"Ibis Gaziantep Hotel in konforlu odalar\u0131nda en iyi fiyat garantisi ile konaklay\u0131n.","breadcrumb":{"@id":"https:\/\/www.ibisgaziantep.com\/tr\/odalarimiz\/standart-cift-kisilik-yatakli-oda\/#breadcrumb"},"inLanguage":"tr","potentialAction":[{"@type":"ReadAction","target":["https:\/\/www.ibisgaziantep.com\/tr\/odalarimiz\/standart-cift-kisilik-yatakli-oda\/"]}]},{"@type":"BreadcrumbList","@id":"https:\/\/www.ibisgaziantep.com\/tr\/odalarimiz\/standart-cift-kisilik-yatakli-oda\/#breadcrumb","itemListElement":[{"@type":"ListItem","position":1,"name":"Home","item":"https:\/\/www.ibisgaziantep.com\/tr\/"},{"@type":"ListItem","position":2,"name":"Odalar\u0131m\u0131z","item":"https:\/\/www.ibisgaziantep.com\/tr\/our-rooms\/"},{"@type":"ListItem","position":3,"name":"Standart, \u00c7ift Ki\u015filik Yatakl\u0131 Oda"}]},{"@type":"WebSite","@id":"https:\/\/www.ibisgaziantep.com\/#website","url":"https:\/\/www.ibisgaziantep.com\/","name":"Ibis Gaziantep","description":"","publisher":{"@id":"https:\/\/www.ibisgaziantep.com\/#organization"},"potentialAction":[{"@type":"SearchAction","target":{"@type":"EntryPoint","urlTemplate":"https:\/\/www.ibisgaziantep.com\/?s={search_term_string}"},"query-input":{"@type":"PropertyValueSpecification","valueRequired":true,"valueName":"search_term_string"}}],"inLanguage":"tr"},{"@type":"Organization","@id":"https:\/\/www.ibisgaziantep.com\/#organization","name":"Ibis Gaziantep","url":"https:\/\/www.ibisgaziantep.com\/","logo":{"@type":"ImageObject","inLanguage":"tr","@id":"https:\/\/www.ibisgaziantep.com\/#\/schema\/logo\/image\/","url":"https:\/\/www.ibisgaziantep.com\/wp-content\/uploads\/sites\/116\/2024\/06\/ibis_red_logo.png","contentUrl":"https:\/\/www.ibisgaziantep.com\/wp-content\/uploads\/sites\/116\/2024\/06\/ibis_red_logo.png","width":500,"height":502,"caption":"Ibis Gaziantep"},"image":{"@id":"https:\/\/www.ibisgaziantep.com\/#\/schema\/logo\/image\/"},"sameAs":["https:\/\/www.instagram.com\/ibis_gaziantep"]}]}},"_links":{"self":[{"href":"https:\/\/www.ibisgaziantep.com\/tr\/wp-json\/wp\/v2\/pages\/34","targetHints":{"allow":["GET"]}}],"collection":[{"href":"https:\/\/www.ibisgaziantep.com\/tr\/wp-json\/wp\/v2\/pages"}],"about":[{"href":"https:\/\/www.ibisgaziantep.com\/tr\/wp-json\/wp\/v2\/types\/page"}],"author":[{"embeddable":true,"href":"https:\/\/www.ibisgaziantep.com\/tr\/wp-json\/wp\/v2\/users\/3"}],"replies":[{"embeddable":true,"href":"https:\/\/www.ibisgaziantep.com\/tr\/wp-json\/wp\/v2\/comments?post=34"}],"version-history":[{"count":0,"href":"https:\/\/www.ibisgaziantep.com\/tr\/wp-json\/wp\/v2\/pages\/34\/revisions"}],"up":[{"embeddable":true,"href":"https:\/\/www.ibisgaziantep.com\/tr\/wp-json\/wp\/v2\/pages\/25"}],"wp:attachment":[{"href":"https:\/\/www.ibisgaziantep.com\/tr\/wp-json\/wp\/v2\/media?parent=34"}],"wp:term":[{"taxonomy":"category","embeddable":true,"href":"https:\/\/www.ibisgaziantep.com\/tr\/wp-json\/wp\/v2\/categories?post=34"}],"curies":[{"name":"wp","href":"https:\/\/api.w.org\/{rel}","templated":true}]}}