{"id":111,"date":"2024-07-01T09:22:08","date_gmt":"2024-07-01T09:22:08","guid":{"rendered":"https:\/\/ibis-gaziantep.accorv2prod.decms.eu\/?page_id=111"},"modified":"2024-07-01T09:32:49","modified_gmt":"2024-07-01T09:32:49","slug":"galeri","status":"publish","type":"page","link":"https:\/\/www.ibisgaziantep.com\/tr\/galeri\/","title":{"rendered":"Galeri"},"content":{"rendered":"<p style=\"text-align: center;\">Gaziantep&#8217;in g\u00fczelliklerini ke\u015ffetmek i\u00e7in haz\u0131r m\u0131s\u0131n\u0131z? ibis Gaziantep&#8217;in resim galerisi sayfas\u0131nda \u015fehrin tarihi dokusunu, lezzetli mutfa\u011f\u0131n\u0131 ve otelimizin modern konforunu ke\u015ffedin. Konaklaman\u0131z\u0131 daha \u00f6zel k\u0131lan detaylarla dolu anlar\u0131 g\u00f6rsellerle ya\u015fay\u0131n.<\/p>\n","protected":false},"excerpt":{"rendered":"<p>Gaziantep&#8217;in g\u00fczelliklerini ke\u015ffetmek i\u00e7in haz\u0131r m\u0131s\u0131n\u0131z? ibis Gaziantep&#8217;in resim galerisi sayfas\u0131nda \u015fehrin tarihi dokusunu, lezzetli mutfa\u011f\u0131n\u0131 ve otelimizin modern konforunu ke\u015ffedin. Konaklaman\u0131z\u0131 daha \u00f6zel k\u0131lan detaylarla dolu anlar\u0131 g\u00f6rsellerle ya\u015fay\u0131n.<\/p>\n","protected":false},"author":3,"featured_media":0,"parent":0,"menu_order":50,"comment_status":"closed","ping_status":"closed","template":"template-gallery.php","meta":{"footnotes":""},"categories":[],"class_list":["post-111","page","type-page","status-publish","hentry"],"acf":[],"yoast_head":"<!-- This site is optimized with the Yoast SEO plugin v26.9 - https:\/\/yoast.com\/product\/yoast-seo-wordpress\/ -->\n<title>Galeri - Ibis Gaziantep<\/title>\n<meta name=\"description\" content=\"Ibis Gaziantep oteline ait g\u00f6rsellere g\u00f6z atabilirsiniz\" \/>\n<meta name=\"robots\" content=\"index, follow, max-snippet:-1, max-image-preview:large, max-video-preview:-1\" \/>\n<link rel=\"canonical\" href=\"https:\/\/www.ibisgaziantep.com\/tr\/galeri\/\" \/>\n<meta property=\"og:locale\" content=\"tr_TR\" \/>\n<meta property=\"og:type\" content=\"article\" \/>\n<meta property=\"og:title\" content=\"Galeri - Ibis Gaziantep\" \/>\n<meta property=\"og:description\" content=\"Ibis Gaziantep oteline ait g\u00f6rsellere g\u00f6z atabilirsiniz\" \/>\n<meta property=\"og:url\" content=\"https:\/\/www.ibisgaziantep.com\/tr\/galeri\/\" \/>\n<meta property=\"og:site_name\" content=\"Ibis Gaziantep\" \/>\n<meta property=\"article:modified_time\" content=\"2024-07-01T09:32:49+00:00\" \/>\n<meta property=\"og:image\" content=\"https:\/\/www.ibisgaziantep.com\/wp-content\/uploads\/sites\/116\/2024\/06\/ibis_gaziantep_home_slide02.jpg\" \/>\n\t<meta property=\"og:image:width\" content=\"2200\" \/>\n\t<meta property=\"og:image:height\" content=\"1145\" \/>\n\t<meta property=\"og:image:type\" content=\"image\/jpeg\" \/>\n<meta name=\"twitter:card\" content=\"summary_large_image\" \/>\n<meta name=\"twitter:label1\" content=\"Tahmini okuma s\u00fcresi\" \/>\n\t<meta name=\"twitter:data1\" content=\"1 dakika\" \/>\n<script type=\"application\/ld+json\" class=\"yoast-schema-graph\">{\"@context\":\"https:\/\/schema.org\",\"@graph\":[{\"@type\":\"WebPage\",\"@id\":\"https:\/\/www.ibisgaziantep.com\/tr\/galeri\/\",\"url\":\"https:\/\/www.ibisgaziantep.com\/tr\/galeri\/\",\"name\":\"Galeri - Ibis Gaziantep\",\"isPartOf\":{\"@id\":\"https:\/\/www.ibisgaziantep.com\/#website\"},\"datePublished\":\"2024-07-01T09:22:08+00:00\",\"dateModified\":\"2024-07-01T09:32:49+00:00\",\"description\":\"Ibis Gaziantep oteline ait g\u00f6rsellere g\u00f6z atabilirsiniz\",\"breadcrumb\":{\"@id\":\"https:\/\/www.ibisgaziantep.com\/tr\/galeri\/#breadcrumb\"},\"inLanguage\":\"tr\",\"potentialAction\":[{\"@type\":\"ReadAction\",\"target\":[\"https:\/\/www.ibisgaziantep.com\/tr\/galeri\/\"]}]},{\"@type\":\"BreadcrumbList\",\"@id\":\"https:\/\/www.ibisgaziantep.com\/tr\/galeri\/#breadcrumb\",\"itemListElement\":[{\"@type\":\"ListItem\",\"position\":1,\"name\":\"Home\",\"item\":\"https:\/\/www.ibisgaziantep.com\/tr\/\"},{\"@type\":\"ListItem\",\"position\":2,\"name\":\"Galeri\"}]},{\"@type\":\"WebSite\",\"@id\":\"https:\/\/www.ibisgaziantep.com\/#website\",\"url\":\"https:\/\/www.ibisgaziantep.com\/\",\"name\":\"Ibis Gaziantep\",\"description\":\"\",\"publisher\":{\"@id\":\"https:\/\/www.ibisgaziantep.com\/#organization\"},\"potentialAction\":[{\"@type\":\"SearchAction\",\"target\":{\"@type\":\"EntryPoint\",\"urlTemplate\":\"https:\/\/www.ibisgaziantep.com\/?s={search_term_string}\"},\"query-input\":{\"@type\":\"PropertyValueSpecification\",\"valueRequired\":true,\"valueName\":\"search_term_string\"}}],\"inLanguage\":\"tr\"},{\"@type\":\"Organization\",\"@id\":\"https:\/\/www.ibisgaziantep.com\/#organization\",\"name\":\"Ibis Gaziantep\",\"url\":\"https:\/\/www.ibisgaziantep.com\/\",\"logo\":{\"@type\":\"ImageObject\",\"inLanguage\":\"tr\",\"@id\":\"https:\/\/www.ibisgaziantep.com\/#\/schema\/logo\/image\/\",\"url\":\"https:\/\/www.ibisgaziantep.com\/wp-content\/uploads\/sites\/116\/2024\/06\/ibis_red_logo.png\",\"contentUrl\":\"https:\/\/www.ibisgaziantep.com\/wp-content\/uploads\/sites\/116\/2024\/06\/ibis_red_logo.png\",\"width\":500,\"height\":502,\"caption\":\"Ibis Gaziantep\"},\"image\":{\"@id\":\"https:\/\/www.ibisgaziantep.com\/#\/schema\/logo\/image\/\"},\"sameAs\":[\"https:\/\/www.instagram.com\/ibis_gaziantep\"]}]}<\/script>\n<!-- \/ Yoast SEO plugin. -->","yoast_head_json":{"title":"Galeri - Ibis Gaziantep","description":"Ibis Gaziantep oteline ait g\u00f6rsellere g\u00f6z atabilirsiniz","robots":{"index":"index","follow":"follow","max-snippet":"max-snippet:-1","max-image-preview":"max-image-preview:large","max-video-preview":"max-video-preview:-1"},"canonical":"https:\/\/www.ibisgaziantep.com\/tr\/galeri\/","og_locale":"tr_TR","og_type":"article","og_title":"Galeri - Ibis Gaziantep","og_description":"Ibis Gaziantep oteline ait g\u00f6rsellere g\u00f6z atabilirsiniz","og_url":"https:\/\/www.ibisgaziantep.com\/tr\/galeri\/","og_site_name":"Ibis Gaziantep","article_modified_time":"2024-07-01T09:32:49+00:00","og_image":[{"width":2200,"height":1145,"url":"https:\/\/www.ibisgaziantep.com\/wp-content\/uploads\/sites\/116\/2024\/06\/ibis_gaziantep_home_slide02.jpg","type":"image\/jpeg"}],"twitter_card":"summary_large_image","twitter_misc":{"Tahmini okuma s\u00fcresi":"1 dakika"},"schema":{"@context":"https:\/\/schema.org","@graph":[{"@type":"WebPage","@id":"https:\/\/www.ibisgaziantep.com\/tr\/galeri\/","url":"https:\/\/www.ibisgaziantep.com\/tr\/galeri\/","name":"Galeri - Ibis Gaziantep","isPartOf":{"@id":"https:\/\/www.ibisgaziantep.com\/#website"},"datePublished":"2024-07-01T09:22:08+00:00","dateModified":"2024-07-01T09:32:49+00:00","description":"Ibis Gaziantep oteline ait g\u00f6rsellere g\u00f6z atabilirsiniz","breadcrumb":{"@id":"https:\/\/www.ibisgaziantep.com\/tr\/galeri\/#breadcrumb"},"inLanguage":"tr","potentialAction":[{"@type":"ReadAction","target":["https:\/\/www.ibisgaziantep.com\/tr\/galeri\/"]}]},{"@type":"BreadcrumbList","@id":"https:\/\/www.ibisgaziantep.com\/tr\/galeri\/#breadcrumb","itemListElement":[{"@type":"ListItem","position":1,"name":"Home","item":"https:\/\/www.ibisgaziantep.com\/tr\/"},{"@type":"ListItem","position":2,"name":"Galeri"}]},{"@type":"WebSite","@id":"https:\/\/www.ibisgaziantep.com\/#website","url":"https:\/\/www.ibisgaziantep.com\/","name":"Ibis Gaziantep","description":"","publisher":{"@id":"https:\/\/www.ibisgaziantep.com\/#organization"},"potentialAction":[{"@type":"SearchAction","target":{"@type":"EntryPoint","urlTemplate":"https:\/\/www.ibisgaziantep.com\/?s={search_term_string}"},"query-input":{"@type":"PropertyValueSpecification","valueRequired":true,"valueName":"search_term_string"}}],"inLanguage":"tr"},{"@type":"Organization","@id":"https:\/\/www.ibisgaziantep.com\/#organization","name":"Ibis Gaziantep","url":"https:\/\/www.ibisgaziantep.com\/","logo":{"@type":"ImageObject","inLanguage":"tr","@id":"https:\/\/www.ibisgaziantep.com\/#\/schema\/logo\/image\/","url":"https:\/\/www.ibisgaziantep.com\/wp-content\/uploads\/sites\/116\/2024\/06\/ibis_red_logo.png","contentUrl":"https:\/\/www.ibisgaziantep.com\/wp-content\/uploads\/sites\/116\/2024\/06\/ibis_red_logo.png","width":500,"height":502,"caption":"Ibis Gaziantep"},"image":{"@id":"https:\/\/www.ibisgaziantep.com\/#\/schema\/logo\/image\/"},"sameAs":["https:\/\/www.instagram.com\/ibis_gaziantep"]}]}},"_links":{"self":[{"href":"https:\/\/www.ibisgaziantep.com\/tr\/wp-json\/wp\/v2\/pages\/111","targetHints":{"allow":["GET"]}}],"collection":[{"href":"https:\/\/www.ibisgaziantep.com\/tr\/wp-json\/wp\/v2\/pages"}],"about":[{"href":"https:\/\/www.ibisgaziantep.com\/tr\/wp-json\/wp\/v2\/types\/page"}],"author":[{"embeddable":true,"href":"https:\/\/www.ibisgaziantep.com\/tr\/wp-json\/wp\/v2\/users\/3"}],"replies":[{"embeddable":true,"href":"https:\/\/www.ibisgaziantep.com\/tr\/wp-json\/wp\/v2\/comments?post=111"}],"version-history":[{"count":0,"href":"https:\/\/www.ibisgaziantep.com\/tr\/wp-json\/wp\/v2\/pages\/111\/revisions"}],"wp:attachment":[{"href":"https:\/\/www.ibisgaziantep.com\/tr\/wp-json\/wp\/v2\/media?parent=111"}],"wp:term":[{"taxonomy":"category","embeddable":true,"href":"https:\/\/www.ibisgaziantep.com\/tr\/wp-json\/wp\/v2\/categories?post=111"}],"curies":[{"name":"wp","href":"https:\/\/api.w.org\/{rel}","templated":true}]}}